{"id":33,"date":"2024-02-18T11:45:06","date_gmt":"2024-02-18T10:45:06","guid":{"rendered":"https:\/\/lahuellaverde.elprofeandres.es\/?page_id=33"},"modified":"2024-02-18T11:59:58","modified_gmt":"2024-02-18T10:59:58","slug":"misiva-del-pasado","status":"publish","type":"page","link":"https:\/\/lahuellaverde.elprofeandres.es\/index.php\/misiva-del-pasado\/","title":{"rendered":"Misiva del pasado"},"content":{"rendered":"<p>[et_pb_section fb_built=\u00bb1&#8243; _builder_version=\u00bb4.24.1&#8243; _module_preset=\u00bbdefault\u00bb background_image=\u00bbhttps:\/\/lahuellaverde.elprofeandres.es\/wp-content\/uploads\/2024\/02\/kalaniwtf_a_dramatic_apocalyptic_lanscape_Tower_mills_7b246ba4-1c15-40a5-95ec-f9fc0f5bee96.png\u00bb hover_enabled=\u00bb0&#8243; global_colors_info=\u00bb{}\u00bb custom_css_main_element=\u00bbmin-height: 100vh;\u00bb sticky_enabled=\u00bb0&#8243;][et_pb_row _builder_version=\u00bb4.24.1&#8243; _module_preset=\u00bbdefault\u00bb background_color=\u00bb#FFFFFF\u00bb box_shadow_style=\u00bbpreset1&#8243; box_shadow_spread=\u00bb14px\u00bb global_colors_info=\u00bb{}\u00bb][et_pb_column type=\u00bb4_4&#8243; _builder_version=\u00bb4.24.1&#8243; _module_preset=\u00bbdefault\u00bb global_colors_info=\u00bb{}\u00bb][et_pb_text _builder_version=\u00bb4.24.1&#8243; _module_preset=\u00bbdefault\u00bb text_font=\u00bbSpecial Elite||||||||\u00bb text_font_size=\u00bb17px\u00bb custom_padding=\u00bb5%|8%|5%|8%|false|false\u00bb hover_enabled=\u00bb0&#8243; global_colors_info=\u00bb{}\u00bb sticky_enabled=\u00bb0&#8243;]<\/p>\n<p>Queridos conciudadanos del pasado,<\/p>\n<p>Nos dirigimos a ustedes desde el futuro, un tiempo marcado por arrepentimientos y consecuencias de nuestras acciones descuidadas. Para nosotros ya es demasiado tarde, pero ustedes pueden remediarlo. Somos testigos de un mundo que se desvanece ante nuestros ojos, donde los ecosistemas se desequilibran y la vida misma est\u00e1 en peligro.<\/p>\n<p>Les imploramos que reconsideren sus h\u00e1bitos y pr\u00e1cticas. Cada \u00e1rbol talado, cada r\u00edo contaminado, allana el camino hacia un futuro sombr\u00edo que deseamos evitarles. Es hora de abrazar la sostenibilidad, de vivir en armon\u00eda con la naturaleza en lugar de dominarla sin piedad.<\/p>\n<p>Les instamos a adoptar la sabidur\u00eda de preservar en lugar de consumir sin cesar. Busquen fuentes de energ\u00eda renovable, protejan la biodiversidad de su entorno y traten a cada criatura con respeto y compasi\u00f3n.<\/p>\n<p>En cada elecci\u00f3n, recuerden que est\u00e1n tejiendo el tapiz del futuro. Que nuestras palabras sirvan como gu\u00eda en su viaje hacia la armon\u00eda con la tierra y entre ustedes mismos.<\/p>\n<p>De lo contrario les aguarda nuestro apocalipsis.<\/p>\n<p>Con gratitud y, sobre todo, esperanza, sus hijos del futuro.<\/p>\n<p>[\/et_pb_text][et_pb_button button_text=\u00bbEnviar misiva urgente\u00bb button_alignment=\u00bbcenter\u00bb _builder_version=\u00bb4.24.1&#8243; _module_preset=\u00bbdefault\u00bb custom_button=\u00bbon\u00bb button_text_color=\u00bb#333333&#8243; button_font=\u00bbSpecial Elite||||||||\u00bb button_icon=\u00bb&#xf0e0;||fa||900&#8243; button_icon_color=\u00bb#000000&#8243; hover_enabled=\u00bb0&#8243; global_colors_info=\u00bb{}\u00bb button_bg_color__hover_enabled=\u00bbon|hover\u00bb button_bg_color__hover=\u00bb#a3e20f\u00bb button_bg_enable_color__hover=\u00bbon\u00bb button_url=\u00bbhttps:\/\/lahuellaverde.elprofeandres.es\/index.php\/enhorabuena\/\u00bb sticky_enabled=\u00bb0&#8243;][\/et_pb_button][\/et_pb_column][\/et_pb_row][\/et_pb_section]<\/p>\n","protected":false},"excerpt":{"rendered":"<p>Queridos conciudadanos del pasado, Nos dirigimos a ustedes desde el futuro, un tiempo marcado por arrepentimientos y consecuencias de nuestras acciones descuidadas. Para nosotros ya es demasiado tarde, pero ustedes pueden remediarlo. Somos testigos de un mundo que se desvanece ante nuestros ojos, donde los ecosistemas se desequilibran y la vida misma est\u00e1 en peligro. [&hellip;]<\/p>\n","protected":false},"author":1,"featured_media":0,"parent":0,"menu_order":0,"comment_status":"closed","ping_status":"closed","template":"","meta":{"_et_pb_use_builder":"on","_et_pb_old_content":"","_et_gb_content_width":"","footnotes":""},"_links":{"self":[{"href":"https:\/\/lahuellaverde.elprofeandres.es\/index.php\/wp-json\/wp\/v2\/pages\/33"}],"collection":[{"href":"https:\/\/lahuellaverde.elprofeandres.es\/index.php\/wp-json\/wp\/v2\/pages"}],"about":[{"href":"https:\/\/lahuellaverde.elprofeandres.es\/index.php\/wp-json\/wp\/v2\/types\/page"}],"author":[{"embeddable":true,"href":"https:\/\/lahuellaverde.elprofeandres.es\/index.php\/wp-json\/wp\/v2\/users\/1"}],"replies":[{"embeddable":true,"href":"https:\/\/lahuellaverde.elprofeandres.es\/index.php\/wp-json\/wp\/v2\/comments?post=33"}],"version-history":[{"count":6,"href":"https:\/\/lahuellaverde.elprofeandres.es\/index.php\/wp-json\/wp\/v2\/pages\/33\/revisions"}],"predecessor-version":[{"id":47,"href":"https:\/\/lahuellaverde.elprofeandres.es\/index.php\/wp-json\/wp\/v2\/pages\/33\/revisions\/47"}],"wp:attachment":[{"href":"https:\/\/lahuellaverde.elprofeandres.es\/index.php\/wp-json\/wp\/v2\/media?parent=33"}],"curies":[{"name":"wp","href":"https:\/\/api.w.org\/{rel}","templated":true}]}}