{"id":6,"date":"2024-02-18T10:46:14","date_gmt":"2024-02-18T09:46:14","guid":{"rendered":"https:\/\/lahuellaverde.elprofeandres.es\/?page_id=6"},"modified":"2024-02-18T12:51:45","modified_gmt":"2024-02-18T11:51:45","slug":"6-2","status":"publish","type":"page","link":"https:\/\/lahuellaverde.elprofeandres.es\/","title":{"rendered":"login"},"content":{"rendered":"<p>[et_pb_section fb_built=\u00bb1&#8243; _builder_version=\u00bb4.24.1&#8243; _module_preset=\u00bbdefault\u00bb background_image=\u00bbhttps:\/\/lahuellaverde.elprofeandres.es\/wp-content\/uploads\/2024\/02\/ruralkaonroad-camposcastilla-2.jpg\u00bb custom_css_main_element=\u00bbmin-height: 100vh;\u00bb global_colors_info=\u00bb{}\u00bb][et_pb_row _builder_version=\u00bb4.24.1&#8243; _module_preset=\u00bbdefault\u00bb background_color=\u00bbrgba(0,0,0,0.47)\u00bb custom_margin=\u00bb2%||||false|false\u00bb global_colors_info=\u00bb{}\u00bb][et_pb_column type=\u00bb4_4&#8243; _builder_version=\u00bb4.24.1&#8243; _module_preset=\u00bbdefault\u00bb global_colors_info=\u00bb{}\u00bb][et_pb_text _builder_version=\u00bb4.24.1&#8243; _module_preset=\u00bbdefault\u00bb text_font=\u00bbFauna One||||||||\u00bb text_text_color=\u00bb#FFFFFF\u00bb header_font=\u00bbAbril Fatface|700|||||||\u00bb header_text_align=\u00bbcenter\u00bb header_text_color=\u00bb#FFFFFF\u00bb header_letter_spacing=\u00bb2px\u00bb text_orientation=\u00bbjustified\u00bb custom_margin=\u00bb||2%||false|false\u00bb custom_padding=\u00bb|5%||5%|false|false\u00bb global_colors_info=\u00bb{}\u00bb]<\/p>\n<h1>EL MUNDO EST\u00c1 EN PELIGRO<\/h1>\n<p>&nbsp;<\/p>\n<p>Muy buenas viajeros. Lean bien estas l\u00edneas antes de continuar, pues <strong>lo que ustedes hagan en los pr\u00f3ximos 30 minutos puede condenar al mundo al apocalipsis<\/strong>. Para que esto no suceda, deben acceder al sistema y y enviar un importante mensaje al pasado. Al sistema se accede con <strong>el usuario y la contrase\u00f1a<\/strong> correcta que ustedes no conocen y que deber\u00e1n poner en la caja de acceso que hay bajo esta carta. Hemos decidido ponerles a prueba para que demuestren que son lo suficientemente inteligentes. Si no lo son se merecen el peor de los desenlaces y el mundo acabar\u00e1. En cambio, si lo son salvar\u00e1n a la tierra del desastre ecol\u00f3gico.<\/p>\n<p>La primera pista que les daremos es que<strong> la contrase\u00f1a es un nombre de mujer<\/strong>. A partir de aqu\u00ed, se enfrentan a lo desconocido. Tendr\u00e1n que superar cuatro pruebas. Cada una de las pruebas les dar\u00e1 un adjetivo. Cuando hayan conseguido los cuatro adjetivos, acudan <span style=\"text-decoration: underline;\"><span style=\"color: #ff0000;\"><a href=\"https:\/\/chat.openai.com\" style=\"color: #ff0000; text-decoration: underline;\" target=\"_blank\" rel=\"noopener\">al or\u00e1culo<\/a><\/span><\/span> y preg\u00fantenle qu\u00e9 personaje de la literatura se puede describir con esos cuatro adjetivos. Esta informaci\u00f3n es fundamental, pues ese personaje es el usuario que les abrir\u00e1 las puertas para salvar el mundo.<\/p>\n<p>Una cosa m\u00e1s, tienen a su disposici\u00f3n, ante sus ojos y por todas partes la informaci\u00f3n para solventar cada una de los desaf\u00edos de este reto e, incluso, el usuario y la contrase\u00f1a. \u00bfSer\u00e1n capaces?<\/p>\n<p>\u00a1Ah! \u00a1Casi se me olvida! En todo momento, podr\u00e1n consultar al or\u00e1culo para que colabore con ustedes. Pero cada vez que lo usen, se restar\u00e1n cinco minutos a la cuenta atr\u00e1s. As\u00ed que \u00fasenlo con inteligencia. \u00a1El tiempo est\u00e1 corriendo!<\/p>\n<p>\u00a1Suerte, valientes!<\/p>\n<p>Fdo.<\/p>\n<p>[\/et_pb_text][et_pb_image src=\u00bbhttps:\/\/lahuellaverde.elprofeandres.es\/wp-content\/uploads\/2024\/02\/Miguel_de_Cervantes_signature.svg_.png\u00bb title_text=\u00bbMiguel_de_Cervantes_signature.svg\u00bb _builder_version=\u00bb4.24.1&#8243; _module_preset=\u00bbdefault\u00bb width=\u00bb23%\u00bb custom_padding=\u00bb|||73px|false|false\u00bb filter_brightness=\u00bb200%\u00bb filter_invert=\u00bb100%\u00bb global_colors_info=\u00bb{}\u00bb][\/et_pb_image][\/et_pb_column][\/et_pb_row][et_pb_row column_structure=\u00bb1_2,1_2&#8243; _builder_version=\u00bb4.24.1&#8243; _module_preset=\u00bbdefault\u00bb global_colors_info=\u00bb{}\u00bb][et_pb_column type=\u00bb1_2&#8243; _builder_version=\u00bb4.24.1&#8243; _module_preset=\u00bbdefault\u00bb global_colors_info=\u00bb{}\u00bb][et_pb_button button_url=\u00bbhttps:\/\/lapalabradeldia.com\/personalizada\/?p=c2%2FDsWFkb3I%3D&#038;t=false\u00bb url_new_window=\u00bbon\u00bb button_text=\u00bbACCESO A LA PRUEBA 1&#8243; button_alignment=\u00bbcenter\u00bb _builder_version=\u00bb4.24.1&#8243; _module_preset=\u00bbdefault\u00bb custom_button=\u00bbon\u00bb button_text_color=\u00bb#FFFFFF\u00bb button_bg_color=\u00bbrgba(0,0,0,0.45)\u00bb button_font=\u00bbAbril Fatface||||||||\u00bb global_colors_info=\u00bb{}\u00bb button_bg_color__hover_enabled=\u00bbon|desktop\u00bb button_bg_color__hover=\u00bb#E02B20&#8243; button_bg_enable_color__hover=\u00bbon\u00bb][\/et_pb_button][\/et_pb_column][et_pb_column type=\u00bb1_2&#8243; _builder_version=\u00bb4.24.1&#8243; _module_preset=\u00bbdefault\u00bb global_colors_info=\u00bb{}\u00bb][et_pb_button button_url=\u00bbhttps:\/\/lahuellaverde.elprofeandres.es\/index.php\/laboratorio\/\u00bb url_new_window=\u00bbon\u00bb button_text=\u00bbACCESO A LA PRUEBA 2&#8243; button_alignment=\u00bbcenter\u00bb _builder_version=\u00bb4.24.1&#8243; _module_preset=\u00bbdefault\u00bb custom_button=\u00bbon\u00bb button_text_color=\u00bb#FFFFFF\u00bb button_bg_color=\u00bbrgba(0,0,0,0.45)\u00bb button_font=\u00bbAbril Fatface||||||||\u00bb global_colors_info=\u00bb{}\u00bb button_bg_color__hover_enabled=\u00bbon|desktop\u00bb button_bg_color__hover=\u00bb#E02B20&#8243; button_bg_enable_color__hover=\u00bbon\u00bb][\/et_pb_button][\/et_pb_column][\/et_pb_row][et_pb_row _builder_version=\u00bb4.24.1&#8243; _module_preset=\u00bbdefault\u00bb background_color=\u00bbrgba(0,0,0,0.45)\u00bb custom_margin=\u00bb32px||||false|false\u00bb global_colors_info=\u00bb{}\u00bb][et_pb_column type=\u00bb4_4&#8243; _builder_version=\u00bb4.24.1&#8243; _module_preset=\u00bbdefault\u00bb global_colors_info=\u00bb{}\u00bb][et_pb_login _builder_version=\u00bb4.24.1&#8243; _module_preset=\u00bbdefault\u00bb header_font=\u00bbAbril Fatface||||||||\u00bb body_font=\u00bbFauna One||||||||\u00bb form_field_font=\u00bbFauna One||||||||\u00bb background_enable_color=\u00bboff\u00bb custom_button=\u00bbon\u00bb text_orientation=\u00bbjustified\u00bb custom_css_free_form=\u00bb.et_pb_forgot_password {display: none;}\u00bb global_colors_info=\u00bb{}\u00bb button_bg_color__hover_enabled=\u00bbon|hover\u00bb button_bg_color__hover=\u00bb#E02B20&#8243; button_bg_enable_color__hover=\u00bbon\u00bb]<\/p>\n<p>Lo \u00fanico que han de saber es que el usuario es un importante personaje de la literatura espa\u00f1ola y universal. Y que ese usuario decidi\u00f3 usar el nombre de su amada como contrase\u00f1a.<\/p>\n<p>&nbsp;<\/p>\n<h2 style=\"text-align: center;\">\u00bfSer\u00e9is capaces de resolverlo?<\/h2>\n<p>[\/et_pb_login][\/et_pb_column][\/et_pb_row][\/et_pb_section]<\/p>\n","protected":false},"excerpt":{"rendered":"<p>EL MUNDO EST\u00c1 EN PELIGRO &nbsp; Muy buenas viajeros. Lean bien estas l\u00edneas antes de continuar, pues lo que ustedes hagan en los pr\u00f3ximos 30 minutos puede condenar al mundo al apocalipsis. Para que esto no suceda, deben acceder al sistema y y enviar un importante mensaje al pasado. Al sistema se accede con el [&hellip;]<\/p>\n","protected":false},"author":1,"featured_media":0,"parent":0,"menu_order":0,"comment_status":"closed","ping_status":"closed","template":"","meta":{"_et_pb_use_builder":"on","_et_pb_old_content":"","_et_gb_content_width":"","footnotes":""},"_links":{"self":[{"href":"https:\/\/lahuellaverde.elprofeandres.es\/index.php\/wp-json\/wp\/v2\/pages\/6"}],"collection":[{"href":"https:\/\/lahuellaverde.elprofeandres.es\/index.php\/wp-json\/wp\/v2\/pages"}],"about":[{"href":"https:\/\/lahuellaverde.elprofeandres.es\/index.php\/wp-json\/wp\/v2\/types\/page"}],"author":[{"embeddable":true,"href":"https:\/\/lahuellaverde.elprofeandres.es\/index.php\/wp-json\/wp\/v2\/users\/1"}],"replies":[{"embeddable":true,"href":"https:\/\/lahuellaverde.elprofeandres.es\/index.php\/wp-json\/wp\/v2\/comments?post=6"}],"version-history":[{"count":20,"href":"https:\/\/lahuellaverde.elprofeandres.es\/index.php\/wp-json\/wp\/v2\/pages\/6\/revisions"}],"predecessor-version":[{"id":66,"href":"https:\/\/lahuellaverde.elprofeandres.es\/index.php\/wp-json\/wp\/v2\/pages\/6\/revisions\/66"}],"wp:attachment":[{"href":"https:\/\/lahuellaverde.elprofeandres.es\/index.php\/wp-json\/wp\/v2\/media?parent=6"}],"curies":[{"name":"wp","href":"https:\/\/api.w.org\/{rel}","templated":true}]}}